{"id":72,"date":"2015-03-13T14:31:30","date_gmt":"2015-03-13T14:31:30","guid":{"rendered":"http:\/\/sleepy3city122.esy.es\/wordpress\/?page_id=72"},"modified":"2021-09-24T00:58:39","modified_gmt":"2021-09-23T22:58:39","slug":"o-nas-2","status":"publish","type":"page","link":"https:\/\/www.sleepy3city.com\/","title":{"rendered":"O nas"},"content":{"rendered":"<p>Szanowni Pa\u0144stwo,<\/p>\n<p><strong>Sleepy3City Apartaments<\/strong>\u00a0to Firma z\u00a0<strong>10 letnim do\u015bwiadczeniem<\/strong>\u00a0na rynku hotelowym. Powstali\u015bmy by zapewni\u0107 naszym Go\u015bciom wygodne i komfortowe sp\u0119dzenie czasu w samym centrum Gdyni. Dzi\u0119ki tak d\u0142ugiemu istnieniu na\u00a0<strong>rynku posiadamy rzesz\u0119 sta\u0142ych i zadowolonych Go\u015bci korporacyjnych i indywidualnych z ca\u0142ego \u015awiata.<\/strong><\/p>\n<p>W sumie we wszystkich obiektach Sleepy3city\u00a0<strong>posiadamy prawie 200 miejsc noclegowych.<\/strong><\/p>\n<p><strong>Sleepy3city to<\/strong>\u00a0mi\u0119dzy innymi\u00a0<strong>Aparthotele<\/strong> z recepcjami w Gdyni na ul. Batorego 9, ul. 10 lutego\u00a0 23, ul. Antoniego Abrahama 16 oraz <strong>sie\u0107 pojedynczych apartament\u00f3w<\/strong>\u00a0w centrum Gdyni. Apartamenty znajduj\u0105 si\u0119 w bliskiej odleg\u0142o\u015bci od pla\u017cy, \u015brodk\u00f3w komunikacji czy restauracji.<\/p>\n<p>Sleepy3city to wi\u0119cej ni\u017c pokoje hotelowe. To w pe\u0142ni wyposa\u017cone apartamenty z aneksami kuchennymi, dost\u0119pem do Internetu, pe\u0142n\u0105 obs\u0142ug\u0105 i serwisem hotelowym.<\/p>\n<p>Sleepy3City to wysoki komfort w przyst\u0119pnej cenie.<\/p>\n<p>Zapraszamy<\/p>\n<p style=\"text-align: justify;\">\n","protected":false},"excerpt":{"rendered":"<p>Szanowni Pa\u0144stwo, Sleepy3City Apartaments\u00a0to Firma z\u00a010 letnim do\u015bwiadczeniem\u00a0na rynku hotelowym. Powstali\u015bmy by zapewni\u0107 naszym Go\u015bciom wygodne i komfortowe sp\u0119dzenie czasu w samym centrum Gdyni. Dzi\u0119ki tak d\u0142ugiemu istnieniu na\u00a0rynku posiadamy rzesz\u0119 sta\u0142ych i zadowolonych Go\u015bci korporacyjnych i indywidualnych z ca\u0142ego \u015awiata. W sumie we wszystkich obiektach Sleepy3city\u00a0posiadamy prawie 200 miejsc[&#8230;]<\/p>\n","protected":false},"author":1,"featured_media":1107,"parent":0,"menu_order":1,"comment_status":"open","ping_status":"open","template":"template-homepage-1.php","meta":[],"_links":{"self":[{"href":"https:\/\/www.sleepy3city.com\/index.php?rest_route=\/wp\/v2\/pages\/72"}],"collection":[{"href":"https:\/\/www.sleepy3city.com\/index.php?rest_route=\/wp\/v2\/pages"}],"about":[{"href":"https:\/\/www.sleepy3city.com\/index.php?rest_route=\/wp\/v2\/types\/page"}],"author":[{"embeddable":true,"href":"https:\/\/www.sleepy3city.com\/index.php?rest_route=\/wp\/v2\/users\/1"}],"replies":[{"embeddable":true,"href":"https:\/\/www.sleepy3city.com\/index.php?rest_route=%2Fwp%2Fv2%2Fcomments&post=72"}],"version-history":[{"count":6,"href":"https:\/\/www.sleepy3city.com\/index.php?rest_route=\/wp\/v2\/pages\/72\/revisions"}],"predecessor-version":[{"id":2104,"href":"https:\/\/www.sleepy3city.com\/index.php?rest_route=\/wp\/v2\/pages\/72\/revisions\/2104"}],"wp:featuredmedia":[{"embeddable":true,"href":"https:\/\/www.sleepy3city.com\/index.php?rest_route=\/wp\/v2\/media\/1107"}],"wp:attachment":[{"href":"https:\/\/www.sleepy3city.com\/index.php?rest_route=%2Fwp%2Fv2%2Fmedia&parent=72"}],"curies":[{"name":"wp","href":"https:\/\/api.w.org\/{rel}","templated":true}]}}