{"id":858,"date":"2015-03-28T21:57:12","date_gmt":"2015-03-28T21:57:12","guid":{"rendered":"http:\/\/sleepy3city122.esy.es\/wordpress\/?page_id=858"},"modified":"2025-11-30T23:10:53","modified_gmt":"2025-11-30T22:10:53","slug":"lang_plrezerwacjalang_pllang_enreservationslang_enlang_dereservierunglang_de%d0%b1%d1%80%d0%be%d0%bd%d0%b8%d1%80%d0%be%d0%b2%d0%b0%d0%bd%d0%b8%d0%b5","status":"publish","type":"page","link":"http:\/\/www.sleepy3city.com\/?page_id=858","title":{"rendered":"Rezerwacja"},"content":{"rendered":"<p>Je\u017celi zale\u017cy Pa\u0144stwu na konkretnym apartamencie, prosimy umie\u015bci\u0107 tak\u0105 informacj\u0119 w uwagach <strong>W\u0142adys\u0142awa IV 46, W\u0142adys\u0142awa IV 50, Abrahama 46A <\/strong>(jednopokojowy z aneksem i \u0142azienk\u0105):<\/p>\n<p><strong>\u015al\u0105ska 31<\/strong> (jednopokojowy z kuchni\u0105 i \u0142azienk\u0105):<br \/>\n<strong>Skwer Ko\u015bciuszki 13<\/strong> (jednopokojowy z aneksem i \u0142azienk\u0105):<br \/>\n<strong>Antoniego Abrahama 16 <\/strong>(2pokojowe z kuchni\u0105 i \u0142azienk\u0105, pokoje z \u0142azienk\u0105):<br \/>\n<strong>10 lutego 21 <\/strong>(2pokojowe z aneksem kuchennym i \u0142azienk\u0105):<\/p>\n<p><strong>Rezerwacji mo\u017cna dokona\u0107 telefonicznie <\/strong>(+48509333491)<strong> lub mailowo <\/strong>( office@sleepy3city.com ) podaj\u0105c termin, ilo\u015b\u0107 os\u00f3b i wybrany apartament. Z ch\u0119ci\u0105 sami podpowiemy odpowiedni apartament znaj\u0105c Pa\u0144stwa preferencje.  <\/p>\n<p><a class=\"btn slide-more tel-btn\" href=\"https:\/\/www.sleepy3city.com\/?page_id=81\">Rezerwuj<\/a><\/p>\n","protected":false},"excerpt":{"rendered":"<p>Je\u017celi zale\u017cy Pa\u0144stwu na konkretnym apartamencie, prosimy umie\u015bci\u0107 tak\u0105 informacj\u0119 w uwagach W\u0142adys\u0142awa IV 46, W\u0142adys\u0142awa IV 50, Abrahama 46A (jednopokojowy z aneksem i \u0142azienk\u0105): \u015al\u0105ska 31 (jednopokojowy z kuchni\u0105 i \u0142azienk\u0105): Skwer Ko\u015bciuszki 13 (jednopokojowy z aneksem i \u0142azienk\u0105): Antoniego Abrahama 16 (2pokojowe z kuchni\u0105 i \u0142azienk\u0105, pokoje z[&#8230;]<\/p>\n","protected":false},"author":1,"featured_media":0,"parent":0,"menu_order":0,"comment_status":"open","ping_status":"open","template":"","meta":[],"_links":{"self":[{"href":"http:\/\/www.sleepy3city.com\/index.php?rest_route=\/wp\/v2\/pages\/858"}],"collection":[{"href":"http:\/\/www.sleepy3city.com\/index.php?rest_route=\/wp\/v2\/pages"}],"about":[{"href":"http:\/\/www.sleepy3city.com\/index.php?rest_route=\/wp\/v2\/types\/page"}],"author":[{"embeddable":true,"href":"http:\/\/www.sleepy3city.com\/index.php?rest_route=\/wp\/v2\/users\/1"}],"replies":[{"embeddable":true,"href":"http:\/\/www.sleepy3city.com\/index.php?rest_route=%2Fwp%2Fv2%2Fcomments&post=858"}],"version-history":[{"count":14,"href":"http:\/\/www.sleepy3city.com\/index.php?rest_route=\/wp\/v2\/pages\/858\/revisions"}],"predecessor-version":[{"id":2469,"href":"http:\/\/www.sleepy3city.com\/index.php?rest_route=\/wp\/v2\/pages\/858\/revisions\/2469"}],"wp:attachment":[{"href":"http:\/\/www.sleepy3city.com\/index.php?rest_route=%2Fwp%2Fv2%2Fmedia&parent=858"}],"curies":[{"name":"wp","href":"https:\/\/api.w.org\/{rel}","templated":true}]}}